{"id":159383,"date":"2026-04-20T09:25:51","date_gmt":"2026-04-20T07:25:51","guid":{"rendered":"https:\/\/www.kaiwulff.de\/produkt\/ki-agent-fuer-content\/"},"modified":"2026-04-20T09:58:35","modified_gmt":"2026-04-20T07:58:35","slug":"ki-agent-fuer-content","status":"publish","type":"product","link":"https:\/\/www.kaiwulff.de\/en\/product\/ki-agent-fuer-content\/","title":{"rendered":"KI-Agent f\u00fcr Content"},"content":{"rendered":"<p>Der <strong>\u201eKI-Agent f\u00fcr Content&#8220;<\/strong> ist ein spezialisierter KI-Assistent, der auf Ihre Marke und Ihren Kommunikationsstil zugeschnitten wird. Er kennt die gew\u00fcnschte Tonalit\u00e4t, die visuelle Sprache, typische Formulierungen, inhaltliche Schwerpunkte und die individuellen Anforderungen an Texte und Content.<\/p>\n<p>So entsteht ein digitaler Content-Agent, der nicht allgemein arbeitet, sondern <strong>markengerecht, konsistent und zielgerichtet<\/strong> unterst\u00fctzt. Der KI-Agent hilft dabei, Inhalte schneller, passender und in der gew\u00fcnschten Qualit\u00e4t zu erstellen \u2013 abgestimmt auf Ihr Unternehmen, Ihre Zielgruppe und die gew\u00fcnschte Au\u00dfenwirkung.<\/p>\n<h3>M\u00f6gliche Einsatzbereiche<\/h3>\n<ul>\n<li>Texte f\u00fcr Website und Landingpages<\/li>\n<li>Social-Media-Content<\/li>\n<li>Produkttexte<\/li>\n<li>Kampagnenideen<\/li>\n<li>Content-Bausteine f\u00fcr Marketing und Vertrieb<\/li>\n<li>Markengerechte Formulierungen und Content-Vorlagen<\/li>\n<\/ul>\n<h3>Ihr Nutzen<\/h3>\n<ul>\n<li>Individuell auf Ihr Unternehmen trainiert<\/li>\n<li>Kennt Stil, Tonalit\u00e4t und Bildsprache Ihrer Marke<\/li>\n<li>Liefert konsistente Inhalte im gew\u00fcnschten Markenstil<\/li>\n<li>Spart Zeit bei der Content-Erstellung<\/li>\n<li>Unterst\u00fctzt bei Planung, Text und Ideenentwicklung<\/li>\n<li>Monatlich nutzbar als laufender KI-Service<\/li>\n<\/ul>\n<p><strong>Jetzt f\u00fcr 49 \u20ac\/Monat starten.<\/strong><\/p>","protected":false},"excerpt":{"rendered":"<p>Individuell trainierter KI-Agent f\u00fcr markengerechten Content \u2013 abgestimmt auf Stil, Tonalit\u00e4t und Bildsprache Ihres Unternehmens.<\/p>","protected":false},"featured_media":159382,"comment_status":"open","ping_status":"closed","template":"","meta":[],"product_brand":[],"product_cat":[330],"product_tag":[],"class_list":{"0":"post-159383","1":"product","2":"type-product","3":"status-publish","4":"has-post-thumbnail","6":"product_cat-web-management","8":"first","9":"instock","10":"virtual","11":"taxable","12":"purchasable","13":"product-type-subscription"},"_links":{"self":[{"href":"https:\/\/www.kaiwulff.de\/en\/wp-json\/wp\/v2\/product\/159383","targetHints":{"allow":["GET"]}}],"collection":[{"href":"https:\/\/www.kaiwulff.de\/en\/wp-json\/wp\/v2\/product"}],"about":[{"href":"https:\/\/www.kaiwulff.de\/en\/wp-json\/wp\/v2\/types\/product"}],"replies":[{"embeddable":true,"href":"https:\/\/www.kaiwulff.de\/en\/wp-json\/wp\/v2\/comments?post=159383"}],"wp:featuredmedia":[{"embeddable":true,"href":"https:\/\/www.kaiwulff.de\/en\/wp-json\/wp\/v2\/media\/159382"}],"wp:attachment":[{"href":"https:\/\/www.kaiwulff.de\/en\/wp-json\/wp\/v2\/media?parent=159383"}],"wp:term":[{"taxonomy":"product_brand","embeddable":true,"href":"https:\/\/www.kaiwulff.de\/en\/wp-json\/wp\/v2\/product_brand?post=159383"},{"taxonomy":"product_cat","embeddable":true,"href":"https:\/\/www.kaiwulff.de\/en\/wp-json\/wp\/v2\/product_cat?post=159383"},{"taxonomy":"product_tag","embeddable":true,"href":"https:\/\/www.kaiwulff.de\/en\/wp-json\/wp\/v2\/product_tag?post=159383"}],"curies":[{"name":"wp","href":"https:\/\/api.w.org\/{rel}","templated":true}]}}