{"id":55749,"date":"2026-03-26T12:25:55","date_gmt":"2026-03-26T11:25:55","guid":{"rendered":"https:\/\/www.kaiwulff.de\/?page_id=55749"},"modified":"2026-03-26T12:25:55","modified_gmt":"2026-03-26T11:25:55","slug":"rueckerstattung_rueckgaben","status":"publish","type":"page","link":"https:\/\/www.kaiwulff.de\/en\/rueckerstattung_rueckgaben\/","title":{"rendered":"Cancellation Policy and Return Conditions"},"content":{"rendered":"<h2>Cancellation Policy and Return Conditions<\/h2>\n<p>Kai Wulff | Marketing, Landsberger Str. 333E, 80687 M\u00fcnchen<br \/>\n  E-Mail: info@kaiwulff.de | Telefon: +49 89 14 34 30 30<\/p>\n<h3>1. Widerrufsrecht f\u00fcr Unternehmer (B2B)<\/h3>\n<p>Unser Online-Shop richtet sich ausschlie\u00dflich an Unternehmer im Sinne des \u00a7 14 BGB. Ein gesetzliches Widerrufsrecht f\u00fcr Verbraucher besteht daher nicht.<\/p>\n<h3>2. Verzicht auf das Widerrufsrecht bei digitalen Dienstleistungen<\/h3>\n<p>Unsere Dienstleistungen (Website-Hosting, Domain-Verwaltung, Domain-Umzug) sind digitale Dienstleistungen, die unmittelbar nach Auftragsbest\u00e4tigung und Zahlungseingang erbracht werden. Mit der Bestellung stimmen Sie ausdr\u00fccklich zu, dass wir mit der Ausf\u00fchrung der Dienstleistung sofort beginnen und Sie auf ein etwaiges Widerrufsrecht verzichten (\u00a7 356 Abs. 4 BGB).<\/p>\n<h3>3. K\u00fcndigung von Abonnements<\/h3>\n<p>Abonnement-Vertr\u00e4ge (Website-Hosting, Domain-Verwaltung) k\u00f6nnen mit einer Frist von 30 Tagen zum Ende der jeweiligen Vertragslaufzeit gek\u00fcndigt werden. Die K\u00fcndigung kann schriftlich per E-Mail an info@kaiwulff.de erfolgen. Bereits gezahlte Betr\u00e4ge f\u00fcr die laufende Vertragslaufzeit werden nicht erstattet.<\/p>\n<h3>4. Einmalige Dienstleistungen<\/h3>\n<p>Bei einmaligen Dienstleistungen (z. B. Domain-Umzug) ist nach Beginn der Leistungserbringung keine R\u00fcckerstattung m\u00f6glich, da die Dienstleistung speziell f\u00fcr den Auftraggeber erbracht wird.<\/p>\n<h3>5. Gew\u00e4hrleistung<\/h3>\n<p>Sollte eine Dienstleistung mangelhaft erbracht werden, haben Sie Anspruch auf Nacherf\u00fcllung gem\u00e4\u00df den gesetzlichen Bestimmungen. Bitte wenden Sie sich in diesem Fall umgehend an uns unter info@kaiwulff.de.<\/p>\n<p><strong>Stand: M\u00e4rz 2026<\/strong><\/p>","protected":false},"excerpt":{"rendered":"<p>Widerrufsbelehrung und R\u00fcckgabebedingungen Kai Wulff | Marketing, Landsberger Str. 333E, 80687 M\u00fcnchen E-Mail: info@kaiwulff.de | Telefon: +49 89 14 34 [&hellip;]<\/p>\n","protected":false},"author":1,"featured_media":0,"parent":0,"menu_order":0,"comment_status":"closed","ping_status":"closed","template":"","meta":{"footnotes":""},"class_list":["post-55749","page","type-page","status-publish","hentry"],"_links":{"self":[{"href":"https:\/\/www.kaiwulff.de\/en\/wp-json\/wp\/v2\/pages\/55749","targetHints":{"allow":["GET"]}}],"collection":[{"href":"https:\/\/www.kaiwulff.de\/en\/wp-json\/wp\/v2\/pages"}],"about":[{"href":"https:\/\/www.kaiwulff.de\/en\/wp-json\/wp\/v2\/types\/page"}],"author":[{"embeddable":true,"href":"https:\/\/www.kaiwulff.de\/en\/wp-json\/wp\/v2\/users\/1"}],"replies":[{"embeddable":true,"href":"https:\/\/www.kaiwulff.de\/en\/wp-json\/wp\/v2\/comments?post=55749"}],"version-history":[{"count":1,"href":"https:\/\/www.kaiwulff.de\/en\/wp-json\/wp\/v2\/pages\/55749\/revisions"}],"predecessor-version":[{"id":159244,"href":"https:\/\/www.kaiwulff.de\/en\/wp-json\/wp\/v2\/pages\/55749\/revisions\/159244"}],"wp:attachment":[{"href":"https:\/\/www.kaiwulff.de\/en\/wp-json\/wp\/v2\/media?parent=55749"}],"curies":[{"name":"wp","href":"https:\/\/api.w.org\/{rel}","templated":true}]}}