{"id":54601,"date":"2016-02-22T11:14:09","date_gmt":"2016-02-22T10:14:09","guid":{"rendered":"http:\/\/www.undsgn.com\/uncode\/?page_id=44894"},"modified":"2024-07-08T15:29:25","modified_gmt":"2024-07-08T13:29:25","slug":"ueber_kai_wulff","status":"publish","type":"page","link":"https:\/\/www.kaiwulff.de\/en\/ueber_kai_wulff\/","title":{"rendered":"About Kai Wulff"},"content":{"rendered":"<div class=\"wpb-content-wrapper\"><div data-parent=\"true\" class=\"vc_row row-container\" id=\"row-unique-0\"><div class=\"row unequal col-no-gutter no-top-padding no-bottom-padding no-h-padding full-width row-parent\"><div class=\"wpb_row row-inner\"><div class=\"wpb_column pos-top pos-center align_left align_center_tablet align_center_mobile column_parent col-lg-6 single-internal-gutter\"><div class=\"uncol style-spec style-dark font-762333\"  ><div class=\"uncoltable\"><div class=\"uncell triple-block-padding style-color-rgdb-bg has-bg\" ><div class=\"uncont\" ><div class=\"vc_custom_heading_wrap\"><div class=\"heading-text el-text\" ><h3 class=\"font-160658 h1 text-capitalize\" ><span>About Kai Wulff<\/span><\/h3><hr class=\"separator-break separator-accent\" \/><\/div><div class=\"clear\"><\/div><\/div><div class=\"uncode_text_column text-lead\" ><p><strong>Kai Wulff<\/strong> is one of the leading experts in markets, marketing and brands in Germany. His current focus areas include digitalization, brand repositioning, strategic planning, positioning <strong>Chief Marketing Officer<\/strong> of Consors Bank.<\/p>\n<h2>Kai Wulff's Career<\/h2>\n<ul>\n<li>2023 to present: Owner of Kai Wulff | Marketing<\/li>\n<li>2018 to 2023: CMO of Augsburger Aktienbank, responsible for Netbank<\/li>\n<li>2010 to 2018: Owner of Kai Wulff | Marketing<\/li>\n<li>Member of Board and CMO at Cortal Consors SA (10 years)<\/li>\n<li>Marketing Director at G+J<\/li>\n<li>Marketing Director at DAB Bank<\/li>\n<li>Account Director at Kochan &amp; Partner<\/li>\n<li>Consultant at Syntax Advertising Agency<\/li>\n<li>Marketing Manager at METRO AG<\/li>\n<\/ul>\n<p>\n<\/div><span class=\"btn-container animate_when_almost_visible zoom-in\" data-delay=\"500\"><a role=\"button\"  href=\"https:\/\/www.kaiwulff.de\/en\/danke\/\" class=\"custom-link btn border-width-0 btn-accent btn-square btn-icon-left btn-ripple-out btn-border-animated\" title=\"Thank you\">Feedback &gt;&gt;<\/a><\/span><\/div><\/div><\/div><\/div><\/div><div class=\"wpb_column pos-top pos-center align_left align_center_tablet align_center_mobile column_parent col-lg-3 single-internal-gutter\"><div class=\"uncol style-spec style-dark font-762333\"  ><div class=\"uncoltable\"><div class=\"uncell triple-block-padding style-color-wayh-bg has-bg\" ><div class=\"uncont\" ><div class=\"vc_custom_heading_wrap\"><div class=\"heading-text el-text\" ><h3 class=\"h1\" ><span>Our Philosophy<\/span><\/h3><hr class=\"separator-break separator-accent\" \/><\/div><div class=\"clear\"><\/div><\/div><div class=\"uncode_text_column text-lead\" ><p>Efficiency and commitment are our guiding principles. We avoid unnecessary complexity and focus on the core objectives. Our focus remains clear and undivided. Judge us by<\/p>\n<\/div><\/div><\/div><\/div><\/div><\/div><div class=\"wpb_column pos-middle pos-center align_center column_parent col-lg-3 one-internal-gutter\"><div class=\"uncol style-spec style-dark font-762333\"  ><div class=\"uncoltable\"><div class=\"uncell triple-block-padding style-accent-bg has-bg\" ><div class=\"uncont\" ><div class=\"vc_custom_heading_wrap tablet-hidden mobile-hidden\"><div class=\"heading-text el-text\" ><h3 class=\"font-160658 fontsize-353302 font-weight-700 text-uppercase\" ><span>We are here to inspire you!<\/span><\/h3><hr class=\"separator-break separator-accent\" \/><\/div><div class=\"clear\"><\/div><\/div><\/div><\/div><\/div><\/div><\/div><script id=\"script-row-unique-0\" data-row=\"script-row-unique-0\" type=\"text\/javascript\" class=\"vc_controls\">UNCODE.initRow(document.getElementById(\"row-unique-0\"));<\/script><\/div><\/div><\/div><div data-parent=\"true\" class=\"vc_row row-container\" id=\"row-unique-1\"><div class=\"row triple-top-padding triple-bottom-padding single-h-padding limit-width row-parent\"><div class=\"wpb_row row-inner\"><div class=\"wpb_column pos-middle pos-center align_center column_parent col-lg-12 single-internal-gutter\"><div class=\"uncol style-light font-762333\"  ><div class=\"uncoltable\"><div class=\"uncell\" ><div class=\"uncont no-block-padding col-custom-width\" style=\" max-width:900px;\" ><div class=\"vc_custom_heading_wrap\"><div class=\"heading-text el-text\" ><h2 class=\"\" ><span>The Best of the Best.<\/span><\/h2><hr class=\"separator-break separator-accent\" \/><div class=\"text-lead\"><p>As a rule, I don't work in isolation. It often proves beneficial to bring in a specialist. Whether as a sparring partner or to handle specific tasks that require expert knowledge.<\/p>\n<\/div><\/div><div class=\"clear\"><\/div><\/div><\/div><\/div><\/div><\/div><\/div><script id=\"script-row-unique-1\" data-row=\"script-row-unique-1\" type=\"text\/javascript\" class=\"vc_controls\">UNCODE.initRow(document.getElementById(\"row-unique-1\"));<\/script><\/div><\/div><\/div><div data-parent=\"true\" class=\"vc_row row-container\" id=\"row-unique-2\"><div class=\"row col-no-gutter no-top-padding no-bottom-padding no-h-padding full-width row-parent\"><div class=\"wpb_row row-inner\"><script id=\"script-row-unique-2\" data-row=\"script-row-unique-2\" type=\"text\/javascript\" class=\"vc_controls\">UNCODE.initRow(document.getElementById(\"row-unique-2\"));<\/script><\/div><\/div><\/div><div data-parent=\"true\" class=\"vc_row row-container\" id=\"row-unique-3\"><div class=\"row unequal col-no-gutter no-top-padding no-bottom-padding no-h-padding full-width row-parent\"><div class=\"wpb_row row-inner\"><script id=\"script-row-unique-3\" data-row=\"script-row-unique-3\" type=\"text\/javascript\" class=\"vc_controls\">UNCODE.initRow(document.getElementById(\"row-unique-3\"));<\/script><\/div><\/div><\/div><div data-parent=\"true\" class=\"vc_row has-bg need-focus style-color-xsdn-bg row-container\" id=\"row-unique-4\"><div class=\"row col-no-gutter no-top-padding no-bottom-padding no-h-padding full-width row-parent\"><div class=\"wpb_row row-inner\"><div class=\"wpb_column pos-top pos-center align_left column_parent col-lg-12 single-internal-gutter\"><div class=\"uncol style-spec style-dark\"  ><div class=\"uncoltable\"><div class=\"uncell no-block-padding\" ><div class=\"uncont\" ><div class=\"un-media-gallery owl-carousel-wrapper\">\n\t\t\n\t\n\t<div class=\"owl-carousel-container owl-carousel-loading no-gutter\" >\n\t\t\t\t\t\t\t\t\t<div id=\"gallery-3377833\" class=\"owl-carousel owl-element owl-height-auto\" data-navmobile=\"false\" data-navspeed=\"400\" data-autoplay=\"true\" data-timeout=\"5000\" data-lg=\"5\" data-md=\"3\" data-sm=\"1\">\n<div class=\"tmb tmb-carousel tmb-iso-h4 tmb-light tmb-overlay-text-anim tmb-overlay-anim tmb-overlay-text-reduced tmb-overlay-center tmb-overlay-middle tmb-overlay-text-center tmb-text-space-reduced tmb-image-anim tmb-id-54444  tmb-img-ratio tmb-media-first tmb-media-last tmb-content-overlay tmb-no-bg\" ><div class=\"t-inside animate_when_almost_visible bottom-t-top\" data-delay=\"200\"><div class=\"t-entry-visual\"><div class=\"t-entry-visual-tc\"><div class=\"t-entry-visual-cont\"><div class=\"dummy\" style=\"padding-top: 100%;\"><\/div><a  class=\"inactive-link pushed\" data-lb-index=\"0\"><div class=\"t-entry-visual-overlay\"><div class=\"t-entry-visual-overlay-in style-color-rgdb-bg\" style=\"opacity: 0.9;\"><\/div><\/div><div class=\"t-overlay-wrap\"><div class=\"t-overlay-inner\">\n\t\t\t\t\t\t\t\t\t\t\t\t\t\t<div class=\"t-overlay-content\">\n\t\t\t\t\t\t\t\t\t\t\t\t\t\t\t<div class=\"t-overlay-text single-block-padding\"><div class=\"t-entry\"><h3 class=\"t-entry-title font-762333 h5 fontspace-111509 title-scale\">Sebastian Schleicher<\/h3><hr class=\"separator-reduced\" \/><p class=\"t-entry-excerpt\">Developer<\/p><\/div><\/div><\/div><\/div><\/div><img decoding=\"async\" class=\"wp-image-54444\" src=\"https:\/\/www.kaiwulff.de\/wp-content\/uploads\/Sebastian_Schleicher_Berlin.jpg\" width=\"600\" height=\"600\" alt=\"Sebastian Schleicher\" srcset=\"https:\/\/www.kaiwulff.de\/wp-content\/uploads\/Sebastian_Schleicher_Berlin.jpg 600w, https:\/\/www.kaiwulff.de\/wp-content\/uploads\/Sebastian_Schleicher_Berlin-300x300.jpg 300w, https:\/\/www.kaiwulff.de\/wp-content\/uploads\/Sebastian_Schleicher_Berlin-100x100.jpg 100w, https:\/\/www.kaiwulff.de\/wp-content\/uploads\/Sebastian_Schleicher_Berlin-150x150.jpg 150w\" sizes=\"(max-width: 600px) 100vw, 600px\" \/><\/a><\/div>\n\t\t\t\t\t<\/div>\n\t\t\t\t<\/div><\/div><\/div><div class=\"tmb tmb-carousel tmb-iso-h4 tmb-light tmb-overlay-text-anim tmb-overlay-anim tmb-overlay-text-reduced tmb-overlay-center tmb-overlay-middle tmb-overlay-text-center tmb-text-space-reduced tmb-image-anim tmb-id-54442  tmb-img-ratio tmb-media-first tmb-media-last tmb-content-overlay tmb-no-bg\" ><div class=\"t-inside animate_when_almost_visible bottom-t-top\" data-delay=\"200\"><div class=\"t-entry-visual\"><div class=\"t-entry-visual-tc\"><div class=\"t-entry-visual-cont\"><div class=\"dummy\" style=\"padding-top: 100%;\"><\/div><a  class=\"inactive-link pushed\" data-lb-index=\"1\"><div class=\"t-entry-visual-overlay\"><div class=\"t-entry-visual-overlay-in style-color-rgdb-bg\" style=\"opacity: 0.9;\"><\/div><\/div><div class=\"t-overlay-wrap\"><div class=\"t-overlay-inner\">\n\t\t\t\t\t\t\t\t\t\t\t\t\t\t<div class=\"t-overlay-content\">\n\t\t\t\t\t\t\t\t\t\t\t\t\t\t\t<div class=\"t-overlay-text single-block-padding\"><div class=\"t-entry\"><h3 class=\"t-entry-title font-762333 h5 fontspace-111509 title-scale\">Kai Wulff Marketing<\/h3><hr class=\"separator-reduced\" \/><p class=\"t-entry-excerpt\">Marketing Strategy<\/p><\/div><\/div><\/div><\/div><\/div><img decoding=\"async\" class=\"wp-image-54442\" src=\"https:\/\/www.kaiwulff.de\/wp-content\/uploads\/Kai_Wulff_Marketing.jpg\" width=\"600\" height=\"600\" alt=\"Kai Wulff Marketing\" srcset=\"https:\/\/www.kaiwulff.de\/wp-content\/uploads\/Kai_Wulff_Marketing.jpg 600w, https:\/\/www.kaiwulff.de\/wp-content\/uploads\/Kai_Wulff_Marketing-300x300.jpg 300w, https:\/\/www.kaiwulff.de\/wp-content\/uploads\/Kai_Wulff_Marketing-100x100.jpg 100w, https:\/\/www.kaiwulff.de\/wp-content\/uploads\/Kai_Wulff_Marketing-150x150.jpg 150w\" sizes=\"(max-width: 600px) 100vw, 600px\" \/><\/a><\/div>\n\t\t\t\t\t<\/div>\n\t\t\t\t<\/div><\/div><\/div><div class=\"tmb tmb-carousel tmb-iso-h4 tmb-light tmb-overlay-text-anim tmb-overlay-anim tmb-overlay-text-reduced tmb-overlay-center tmb-overlay-middle tmb-overlay-text-center tmb-text-space-reduced tmb-image-anim tmb-id-54443  tmb-img-ratio tmb-media-first tmb-media-last tmb-content-overlay tmb-no-bg\" ><div class=\"t-inside animate_when_almost_visible bottom-t-top\" data-delay=\"200\"><div class=\"t-entry-visual\"><div class=\"t-entry-visual-tc\"><div class=\"t-entry-visual-cont\"><div class=\"dummy\" style=\"padding-top: 100%;\"><\/div><a  class=\"inactive-link pushed\" data-lb-index=\"2\"><div class=\"t-entry-visual-overlay\"><div class=\"t-entry-visual-overlay-in style-color-rgdb-bg\" style=\"opacity: 0.9;\"><\/div><\/div><div class=\"t-overlay-wrap\"><div class=\"t-overlay-inner\">\n\t\t\t\t\t\t\t\t\t\t\t\t\t\t<div class=\"t-overlay-content\">\n\t\t\t\t\t\t\t\t\t\t\t\t\t\t\t<div class=\"t-overlay-text single-block-padding\"><div class=\"t-entry\"><h3 class=\"t-entry-title font-762333 h5 fontspace-111509 title-scale\">Michaela Kochems de Montecucculi<\/h3><hr class=\"separator-reduced\" \/><p class=\"t-entry-excerpt\">Copy and Concept<\/p><\/div><\/div><\/div><\/div><\/div><img decoding=\"async\" class=\"wp-image-54443\" src=\"https:\/\/www.kaiwulff.de\/wp-content\/uploads\/Michaela_Kochems_Gruenwald.jpg\" width=\"600\" height=\"600\" alt=\"Michaela Kochems de Montecucculi\" srcset=\"https:\/\/www.kaiwulff.de\/wp-content\/uploads\/Michaela_Kochems_Gruenwald.jpg 600w, https:\/\/www.kaiwulff.de\/wp-content\/uploads\/Michaela_Kochems_Gruenwald-300x300.jpg 300w, https:\/\/www.kaiwulff.de\/wp-content\/uploads\/Michaela_Kochems_Gruenwald-100x100.jpg 100w, https:\/\/www.kaiwulff.de\/wp-content\/uploads\/Michaela_Kochems_Gruenwald-150x150.jpg 150w\" sizes=\"(max-width: 600px) 100vw, 600px\" \/><\/a><\/div>\n\t\t\t\t\t<\/div>\n\t\t\t\t<\/div><\/div><\/div><div class=\"tmb tmb-carousel tmb-iso-h4 tmb-light tmb-overlay-text-anim tmb-overlay-anim tmb-overlay-text-reduced tmb-overlay-center tmb-overlay-middle tmb-overlay-text-center tmb-text-space-reduced tmb-image-anim tmb-id-54445  tmb-img-ratio tmb-media-first tmb-media-last tmb-content-overlay tmb-no-bg\" ><div class=\"t-inside animate_when_almost_visible bottom-t-top\" data-delay=\"200\"><div class=\"t-entry-visual\"><div class=\"t-entry-visual-tc\"><div class=\"t-entry-visual-cont\"><div class=\"dummy\" style=\"padding-top: 100%;\"><\/div><a  class=\"inactive-link pushed\" data-lb-index=\"3\"><div class=\"t-entry-visual-overlay\"><div class=\"t-entry-visual-overlay-in style-color-rgdb-bg\" style=\"opacity: 0.9;\"><\/div><\/div><div class=\"t-overlay-wrap\"><div class=\"t-overlay-inner\">\n\t\t\t\t\t\t\t\t\t\t\t\t\t\t<div class=\"t-overlay-content\">\n\t\t\t\t\t\t\t\t\t\t\t\t\t\t\t<div class=\"t-overlay-text single-block-padding\"><div class=\"t-entry\"><h3 class=\"t-entry-title font-762333 h5 fontspace-111509 title-scale\">Reni Grintsch<\/h3><hr class=\"separator-reduced\" \/><p class=\"t-entry-excerpt\">Makeup Artist, Hair\/Makeup<\/p><\/div><\/div><\/div><\/div><\/div><img decoding=\"async\" class=\"wp-image-54445\" src=\"https:\/\/www.kaiwulff.de\/wp-content\/uploads\/Reni_Grintsch.jpg\" width=\"600\" height=\"600\" alt=\"Reni Grintsch\" srcset=\"https:\/\/www.kaiwulff.de\/wp-content\/uploads\/Reni_Grintsch.jpg 600w, https:\/\/www.kaiwulff.de\/wp-content\/uploads\/Reni_Grintsch-300x300.jpg 300w, https:\/\/www.kaiwulff.de\/wp-content\/uploads\/Reni_Grintsch-100x100.jpg 100w, https:\/\/www.kaiwulff.de\/wp-content\/uploads\/Reni_Grintsch-150x150.jpg 150w\" sizes=\"(max-width: 600px) 100vw, 600px\" \/><\/a><\/div>\n\t\t\t\t\t<\/div>\n\t\t\t\t<\/div><\/div><\/div><div class=\"tmb tmb-carousel tmb-iso-h4 tmb-light tmb-overlay-text-anim tmb-overlay-anim tmb-overlay-text-reduced tmb-overlay-center tmb-overlay-middle tmb-overlay-text-center tmb-text-space-reduced tmb-image-anim tmb-id-54446  tmb-img-ratio tmb-media-first tmb-media-last tmb-content-overlay tmb-no-bg\" ><div class=\"t-inside animate_when_almost_visible bottom-t-top\" data-delay=\"200\"><div class=\"t-entry-visual\"><div class=\"t-entry-visual-tc\"><div class=\"t-entry-visual-cont\"><div class=\"dummy\" style=\"padding-top: 100%;\"><\/div><a  class=\"inactive-link pushed\" data-lb-index=\"4\"><div class=\"t-entry-visual-overlay\"><div class=\"t-entry-visual-overlay-in style-color-rgdb-bg\" style=\"opacity: 0.9;\"><\/div><\/div><div class=\"t-overlay-wrap\"><div class=\"t-overlay-inner\">\n\t\t\t\t\t\t\t\t\t\t\t\t\t\t<div class=\"t-overlay-content\">\n\t\t\t\t\t\t\t\t\t\t\t\t\t\t\t<div class=\"t-overlay-text single-block-padding\"><div class=\"t-entry\"><h3 class=\"t-entry-title font-762333 h5 fontspace-111509 title-scale\">Chris B\u00f6hm<\/h3><hr class=\"separator-reduced\" \/><p class=\"t-entry-excerpt\">Web Design<\/p><\/div><\/div><\/div><\/div><\/div><img decoding=\"async\" class=\"wp-image-54446\" src=\"https:\/\/www.kaiwulff.de\/wp-content\/uploads\/Chris_Boehm.jpg\" width=\"600\" height=\"600\" alt=\"Chris B\u00f6hm\" srcset=\"https:\/\/www.kaiwulff.de\/wp-content\/uploads\/Chris_Boehm.jpg 600w, https:\/\/www.kaiwulff.de\/wp-content\/uploads\/Chris_Boehm-300x300.jpg 300w, https:\/\/www.kaiwulff.de\/wp-content\/uploads\/Chris_Boehm-100x100.jpg 100w, https:\/\/www.kaiwulff.de\/wp-content\/uploads\/Chris_Boehm-150x150.jpg 150w\" sizes=\"(max-width: 600px) 100vw, 600px\" \/><\/a><\/div>\n\t\t\t\t\t<\/div>\n\t\t\t\t<\/div><\/div><\/div>\t\t\t<\/div>\n\t\t\t\t\t<\/div>\n\n\t\n\t\n\t\n<\/div>\n\n<\/div><\/div><\/div><\/div><\/div><script id=\"script-row-unique-4\" data-row=\"script-row-unique-4\" type=\"text\/javascript\" class=\"vc_controls\">UNCODE.initRow(document.getElementById(\"row-unique-4\"));<\/script><\/div><\/div><\/div>\n<\/div>","protected":false},"excerpt":{"rendered":"\u00dcber Kai WulffKai Wulff geh\u00f6rt zu den f\u00fchrenden Experten f\u00fcr M\u00e4rkte, Marketing und Marken in Deutschland. Seine aktuellen Schwerpunkte liegen [...]","protected":false},"author":1,"featured_media":0,"parent":0,"menu_order":0,"comment_status":"closed","ping_status":"closed","template":"","meta":{"footnotes":""},"class_list":["post-54601","page","type-page","status-publish","hentry"],"_links":{"self":[{"href":"https:\/\/www.kaiwulff.de\/en\/wp-json\/wp\/v2\/pages\/54601","targetHints":{"allow":["GET"]}}],"collection":[{"href":"https:\/\/www.kaiwulff.de\/en\/wp-json\/wp\/v2\/pages"}],"about":[{"href":"https:\/\/www.kaiwulff.de\/en\/wp-json\/wp\/v2\/types\/page"}],"author":[{"embeddable":true,"href":"https:\/\/www.kaiwulff.de\/en\/wp-json\/wp\/v2\/users\/1"}],"replies":[{"embeddable":true,"href":"https:\/\/www.kaiwulff.de\/en\/wp-json\/wp\/v2\/comments?post=54601"}],"version-history":[{"count":49,"href":"https:\/\/www.kaiwulff.de\/en\/wp-json\/wp\/v2\/pages\/54601\/revisions"}],"predecessor-version":[{"id":55726,"href":"https:\/\/www.kaiwulff.de\/en\/wp-json\/wp\/v2\/pages\/54601\/revisions\/55726"}],"wp:attachment":[{"href":"https:\/\/www.kaiwulff.de\/en\/wp-json\/wp\/v2\/media?parent=54601"}],"curies":[{"name":"wp","href":"https:\/\/api.w.org\/{rel}","templated":true}]}}